{"id":48,"date":"2016-04-18T06:29:51","date_gmt":"2016-04-18T04:29:51","guid":{"rendered":"http:\/\/test23.verikal.de\/wordpress\/en\/?page_id=48"},"modified":"2016-08-22T10:28:41","modified_gmt":"2016-08-22T08:28:41","slug":"ueber-uns","status":"publish","type":"page","link":"https:\/\/www.hmi-engineering.de\/en\/unternehmen\/ueber-uns\/","title":{"rendered":"About us"},"content":{"rendered":"<p>Die Verikal GmbH ist eine Ausgr\u00fcndung des Berliner Unternehmens Heinbokel&amp;M\u00fcller Ingenieurtechnik (hmi). Hmi ist seit 1999 haupts\u00e4chlich f\u00fcr die pharmazeutische Industrie im Bereich Planung \/ Projektierung von Prozessanlagen und Reinr\u00e4umen und im Sondermaschinen-\/anlagenbau t\u00e4tig.<\/p>\n<p>&nbsp;<\/p>\n<p><img loading=\"lazy\" decoding=\"async\" class=\"alignnone size-medium wp-image-91\" src=\"http:\/\/test23.verikal.de\/wordpress\/en\/wp-content\/uploads\/sites\/3\/2016\/04\/placeholder-300x225.png\" alt=\"placeholder\" width=\"300\" height=\"225\" srcset=\"https:\/\/www.hmi-engineering.de\/wordpress\/en\/wp-content\/uploads\/sites\/3\/2016\/04\/placeholder-300x225.png 300w, https:\/\/www.hmi-engineering.de\/wordpress\/en\/wp-content\/uploads\/sites\/3\/2016\/04\/placeholder-768x576.png 768w, https:\/\/www.hmi-engineering.de\/wordpress\/en\/wp-content\/uploads\/sites\/3\/2016\/04\/placeholder-1024x768.png 1024w, https:\/\/www.hmi-engineering.de\/wordpress\/en\/wp-content\/uploads\/sites\/3\/2016\/04\/placeholder.png 1280w\" sizes=\"auto, (max-width: 300px) 100vw, 300px\" \/><\/p>\n<p>Das durch langj\u00e4hrige Erfahrung bei Bau, Betrieb und Instandhaltung gesammelte Know-How bieten wir ihnen als Dienstleister an. Unser Ziel ist es, alle wiederkehrenden Pr\u00fcfungen aus einer Hand anzubieten.<\/p>\n","protected":false},"excerpt":{"rendered":"<p>Die Verikal GmbH ist eine Ausgr\u00fcndung des Berliner Unternehmens Heinbokel&amp;M\u00fcller Ingenieurtechnik (hmi). Hmi ist seit 1999 haupts\u00e4chlich f\u00fcr die pharmazeutische Industrie im Bereich Planung \/ Projektierung von Prozessanlagen und Reinr\u00e4umen [&hellip;]<\/p>\n","protected":false},"author":1,"featured_media":92,"parent":45,"menu_order":0,"comment_status":"closed","ping_status":"closed","template":"templates\/unternehmen.php","meta":{"footnotes":""},"categories":[],"class_list":["post-48","page","type-page","status-publish","has-post-thumbnail","hentry"],"yoast_head":"<!-- This site is optimized with the Yoast SEO plugin v27.4 - https:\/\/yoast.com\/product\/yoast-seo-wordpress\/ -->\n<title>About us - HMI-Engineering - EN<\/title>\n<meta name=\"robots\" content=\"index, follow, max-snippet:-1, max-image-preview:large, max-video-preview:-1\" \/>\n<link rel=\"canonical\" href=\"https:\/\/www.hmi-engineering.de\/en\/unternehmen\/ueber-uns\/\" \/>\n<meta property=\"og:locale\" content=\"en_GB\" \/>\n<meta property=\"og:type\" content=\"article\" \/>\n<meta property=\"og:title\" content=\"About us - HMI-Engineering - EN\" \/>\n<meta property=\"og:description\" content=\"Die Verikal GmbH ist eine Ausgr\u00fcndung des Berliner Unternehmens Heinbokel&amp;M\u00fcller Ingenieurtechnik (hmi). Hmi ist seit 1999 haupts\u00e4chlich f\u00fcr die pharmazeutische Industrie im Bereich Planung \/ Projektierung von Prozessanlagen und Reinr\u00e4umen [&hellip;]\" \/>\n<meta property=\"og:url\" content=\"https:\/\/www.hmi-engineering.de\/en\/unternehmen\/ueber-uns\/\" \/>\n<meta property=\"og:site_name\" content=\"HMI-Engineering - EN\" \/>\n<meta property=\"article:modified_time\" content=\"2016-08-22T08:28:41+00:00\" \/>\n<meta property=\"og:image\" content=\"https:\/\/www.hmi-engineering.de\/wordpress\/en\/wp-content\/uploads\/sites\/3\/2016\/04\/placeholder-2.png\" \/>\n\t<meta property=\"og:image:width\" content=\"1170\" \/>\n\t<meta property=\"og:image:height\" content=\"300\" \/>\n\t<meta property=\"og:image:type\" content=\"image\/png\" \/>\n<meta name=\"twitter:card\" content=\"summary_large_image\" \/>\n<script type=\"application\/ld+json\" class=\"yoast-schema-graph\">{\"@context\":\"https:\\\/\\\/schema.org\",\"@graph\":[{\"@type\":\"WebPage\",\"@id\":\"https:\\\/\\\/www.hmi-engineering.de\\\/en\\\/unternehmen\\\/ueber-uns\\\/\",\"url\":\"https:\\\/\\\/www.hmi-engineering.de\\\/en\\\/unternehmen\\\/ueber-uns\\\/\",\"name\":\"About us - HMI-Engineering - EN\",\"isPartOf\":{\"@id\":\"https:\\\/\\\/www.hmi-engineering.de\\\/en\\\/#website\"},\"primaryImageOfPage\":{\"@id\":\"https:\\\/\\\/www.hmi-engineering.de\\\/en\\\/unternehmen\\\/ueber-uns\\\/#primaryimage\"},\"image\":{\"@id\":\"https:\\\/\\\/www.hmi-engineering.de\\\/en\\\/unternehmen\\\/ueber-uns\\\/#primaryimage\"},\"thumbnailUrl\":\"https:\\\/\\\/www.hmi-engineering.de\\\/wordpress\\\/en\\\/wp-content\\\/uploads\\\/sites\\\/3\\\/2016\\\/04\\\/placeholder-2.png\",\"datePublished\":\"2016-04-18T04:29:51+00:00\",\"dateModified\":\"2016-08-22T08:28:41+00:00\",\"breadcrumb\":{\"@id\":\"https:\\\/\\\/www.hmi-engineering.de\\\/en\\\/unternehmen\\\/ueber-uns\\\/#breadcrumb\"},\"inLanguage\":\"en-GB\",\"potentialAction\":[{\"@type\":\"ReadAction\",\"target\":[\"https:\\\/\\\/www.hmi-engineering.de\\\/en\\\/unternehmen\\\/ueber-uns\\\/\"]}]},{\"@type\":\"ImageObject\",\"inLanguage\":\"en-GB\",\"@id\":\"https:\\\/\\\/www.hmi-engineering.de\\\/en\\\/unternehmen\\\/ueber-uns\\\/#primaryimage\",\"url\":\"https:\\\/\\\/www.hmi-engineering.de\\\/wordpress\\\/en\\\/wp-content\\\/uploads\\\/sites\\\/3\\\/2016\\\/04\\\/placeholder-2.png\",\"contentUrl\":\"https:\\\/\\\/www.hmi-engineering.de\\\/wordpress\\\/en\\\/wp-content\\\/uploads\\\/sites\\\/3\\\/2016\\\/04\\\/placeholder-2.png\",\"width\":1170,\"height\":300},{\"@type\":\"BreadcrumbList\",\"@id\":\"https:\\\/\\\/www.hmi-engineering.de\\\/en\\\/unternehmen\\\/ueber-uns\\\/#breadcrumb\",\"itemListElement\":[{\"@type\":\"ListItem\",\"position\":1,\"name\":\"Startseite\",\"item\":\"https:\\\/\\\/www.hmi-engineering.de\\\/en\\\/\"},{\"@type\":\"ListItem\",\"position\":2,\"name\":\"Company\",\"item\":\"https:\\\/\\\/www.hmi-engineering.de\\\/en\\\/unternehmen\\\/\"},{\"@type\":\"ListItem\",\"position\":3,\"name\":\"About us\"}]},{\"@type\":\"WebSite\",\"@id\":\"https:\\\/\\\/www.hmi-engineering.de\\\/en\\\/#website\",\"url\":\"https:\\\/\\\/www.hmi-engineering.de\\\/en\\\/\",\"name\":\"HMI-Engineering - EN\",\"description\":\"Kompetenz in Produktl\u00f6sungen f\u00fcr die Pharmaindustrie!\",\"potentialAction\":[{\"@type\":\"SearchAction\",\"target\":{\"@type\":\"EntryPoint\",\"urlTemplate\":\"https:\\\/\\\/www.hmi-engineering.de\\\/en\\\/?s={search_term_string}\"},\"query-input\":{\"@type\":\"PropertyValueSpecification\",\"valueRequired\":true,\"valueName\":\"search_term_string\"}}],\"inLanguage\":\"en-GB\"}]}<\/script>\n<!-- \/ Yoast SEO plugin. -->","yoast_head_json":{"title":"About us - HMI-Engineering - EN","robots":{"index":"index","follow":"follow","max-snippet":"max-snippet:-1","max-image-preview":"max-image-preview:large","max-video-preview":"max-video-preview:-1"},"canonical":"https:\/\/www.hmi-engineering.de\/en\/unternehmen\/ueber-uns\/","og_locale":"en_GB","og_type":"article","og_title":"About us - HMI-Engineering - EN","og_description":"Die Verikal GmbH ist eine Ausgr\u00fcndung des Berliner Unternehmens Heinbokel&amp;M\u00fcller Ingenieurtechnik (hmi). Hmi ist seit 1999 haupts\u00e4chlich f\u00fcr die pharmazeutische Industrie im Bereich Planung \/ Projektierung von Prozessanlagen und Reinr\u00e4umen [&hellip;]","og_url":"https:\/\/www.hmi-engineering.de\/en\/unternehmen\/ueber-uns\/","og_site_name":"HMI-Engineering - EN","article_modified_time":"2016-08-22T08:28:41+00:00","og_image":[{"width":1170,"height":300,"url":"https:\/\/www.hmi-engineering.de\/wordpress\/en\/wp-content\/uploads\/sites\/3\/2016\/04\/placeholder-2.png","type":"image\/png"}],"twitter_card":"summary_large_image","schema":{"@context":"https:\/\/schema.org","@graph":[{"@type":"WebPage","@id":"https:\/\/www.hmi-engineering.de\/en\/unternehmen\/ueber-uns\/","url":"https:\/\/www.hmi-engineering.de\/en\/unternehmen\/ueber-uns\/","name":"About us - HMI-Engineering - EN","isPartOf":{"@id":"https:\/\/www.hmi-engineering.de\/en\/#website"},"primaryImageOfPage":{"@id":"https:\/\/www.hmi-engineering.de\/en\/unternehmen\/ueber-uns\/#primaryimage"},"image":{"@id":"https:\/\/www.hmi-engineering.de\/en\/unternehmen\/ueber-uns\/#primaryimage"},"thumbnailUrl":"https:\/\/www.hmi-engineering.de\/wordpress\/en\/wp-content\/uploads\/sites\/3\/2016\/04\/placeholder-2.png","datePublished":"2016-04-18T04:29:51+00:00","dateModified":"2016-08-22T08:28:41+00:00","breadcrumb":{"@id":"https:\/\/www.hmi-engineering.de\/en\/unternehmen\/ueber-uns\/#breadcrumb"},"inLanguage":"en-GB","potentialAction":[{"@type":"ReadAction","target":["https:\/\/www.hmi-engineering.de\/en\/unternehmen\/ueber-uns\/"]}]},{"@type":"ImageObject","inLanguage":"en-GB","@id":"https:\/\/www.hmi-engineering.de\/en\/unternehmen\/ueber-uns\/#primaryimage","url":"https:\/\/www.hmi-engineering.de\/wordpress\/en\/wp-content\/uploads\/sites\/3\/2016\/04\/placeholder-2.png","contentUrl":"https:\/\/www.hmi-engineering.de\/wordpress\/en\/wp-content\/uploads\/sites\/3\/2016\/04\/placeholder-2.png","width":1170,"height":300},{"@type":"BreadcrumbList","@id":"https:\/\/www.hmi-engineering.de\/en\/unternehmen\/ueber-uns\/#breadcrumb","itemListElement":[{"@type":"ListItem","position":1,"name":"Startseite","item":"https:\/\/www.hmi-engineering.de\/en\/"},{"@type":"ListItem","position":2,"name":"Company","item":"https:\/\/www.hmi-engineering.de\/en\/unternehmen\/"},{"@type":"ListItem","position":3,"name":"About us"}]},{"@type":"WebSite","@id":"https:\/\/www.hmi-engineering.de\/en\/#website","url":"https:\/\/www.hmi-engineering.de\/en\/","name":"HMI-Engineering - EN","description":"Kompetenz in Produktl\u00f6sungen f\u00fcr die Pharmaindustrie!","potentialAction":[{"@type":"SearchAction","target":{"@type":"EntryPoint","urlTemplate":"https:\/\/www.hmi-engineering.de\/en\/?s={search_term_string}"},"query-input":{"@type":"PropertyValueSpecification","valueRequired":true,"valueName":"search_term_string"}}],"inLanguage":"en-GB"}]}},"acf":[],"_links":{"self":[{"href":"https:\/\/www.hmi-engineering.de\/en\/wp-json\/wp\/v2\/pages\/48","targetHints":{"allow":["GET"]}}],"collection":[{"href":"https:\/\/www.hmi-engineering.de\/en\/wp-json\/wp\/v2\/pages"}],"about":[{"href":"https:\/\/www.hmi-engineering.de\/en\/wp-json\/wp\/v2\/types\/page"}],"author":[{"embeddable":true,"href":"https:\/\/www.hmi-engineering.de\/en\/wp-json\/wp\/v2\/users\/1"}],"replies":[{"embeddable":true,"href":"https:\/\/www.hmi-engineering.de\/en\/wp-json\/wp\/v2\/comments?post=48"}],"version-history":[{"count":4,"href":"https:\/\/www.hmi-engineering.de\/en\/wp-json\/wp\/v2\/pages\/48\/revisions"}],"predecessor-version":[{"id":237,"href":"https:\/\/www.hmi-engineering.de\/en\/wp-json\/wp\/v2\/pages\/48\/revisions\/237"}],"up":[{"embeddable":true,"href":"https:\/\/www.hmi-engineering.de\/en\/wp-json\/wp\/v2\/pages\/45"}],"wp:featuredmedia":[{"embeddable":true,"href":"https:\/\/www.hmi-engineering.de\/en\/wp-json\/wp\/v2\/media\/92"}],"wp:attachment":[{"href":"https:\/\/www.hmi-engineering.de\/en\/wp-json\/wp\/v2\/media?parent=48"}],"wp:term":[{"taxonomy":"category","embeddable":true,"href":"https:\/\/www.hmi-engineering.de\/en\/wp-json\/wp\/v2\/categories?post=48"}],"curies":[{"name":"wp","href":"https:\/\/api.w.org\/{rel}","templated":true}]}}